{"id":273,"date":"2024-09-02T10:19:30","date_gmt":"2024-09-02T10:19:30","guid":{"rendered":"https:\/\/www.iternet.cz\/?page_id=273"},"modified":"2025-01-21T22:52:19","modified_gmt":"2025-01-21T22:52:19","slug":"kontaky","status":"publish","type":"page","link":"https:\/\/www.iternet.cz\/index.php\/home\/kontaky\/","title":{"rendered":"Kontaky"},"content":{"rendered":"\n<h5 class=\"wp-block-heading\">P\u0159edseda klubu a \u0161\u00e9ftren\u00e9r boxu<\/h5>\n\n\n\n<ul class=\"wp-block-list\">\n<li>Kamil \u010cern\u00fd, tel: 603\u00a0211\u00a0092<\/li>\n\n\n\n<li><a href=\"mailto:kamil-cerny@centrum.cz\">kamil-cerny@centrum.cz<\/a><\/li>\n<\/ul>\n\n\n\n<h5 class=\"wp-block-heading\">M\u00edsto p\u0159edseda a tren\u00e9r boxu<\/h5>\n\n\n\n<ul class=\"wp-block-list\">\n<li>Lubo\u0161 Lacina, tel: 777 614 736<\/li>\n\n\n\n<li><a href=\"mailto:luboslacina@seznam.cz\">luboslacina@seznam.cz<\/a><\/li>\n<\/ul>\n\n\n\n<h5 class=\"wp-block-heading\">Manager klubu\/ Organiza\u010dn\u00ed a dal\u0161\u00ed informace<\/h5>\n\n\n\n<ul class=\"wp-block-list\">\n<li>Luk\u00e1\u0161 Knobloch, Tel: 606\u00a0268\u00a0804<\/li>\n\n\n\n<li>Email:\u00a0<a href=\"mailto:lukas.knobloch11@seznam.cz\">lukas.knobloch11@seznam.cz<\/a><\/li>\n<\/ul>\n\n\n\n<h5 class=\"wp-block-heading\">&nbsp;Tren\u00e9\u0159i atletiky<\/h5>\n\n\n\n<ul class=\"wp-block-list\">\n<li>Luk\u00e1\u0161 Knobloch 606 268 804 \/\u00a0<a href=\"mailto:lukas.knobloch11@seznam.cz\">lukas.knobloch11@seznam.cz<\/a><\/li>\n\n\n\n<li>Jan \u010c\u00ed\u017eek 605 322 334 \/\u00a0<a href=\"mailto:hciza7@seznam.cz\">hciza7@seznam.cz<\/a><\/li>\n<\/ul>\n\n\n\n<h5 class=\"wp-block-heading\">Adresy t\u011blocvi\u010den<\/h5>\n\n\n\n<p>T\u011blocvi\u010dna &#8222;Kocourek&#8220;&nbsp;&nbsp;&nbsp;&nbsp;&nbsp;&nbsp;&nbsp;&nbsp;&nbsp;&nbsp;&nbsp;&nbsp;&nbsp;&nbsp;&nbsp;&nbsp;&nbsp;&nbsp;&nbsp;&nbsp;&nbsp;&nbsp;&nbsp;&nbsp;&nbsp;&nbsp;&nbsp;&nbsp;&nbsp;&nbsp;&nbsp;&nbsp;&nbsp;&nbsp;&nbsp;&nbsp;&nbsp;&nbsp;&nbsp;&nbsp;&nbsp;&nbsp;&nbsp;&nbsp;&nbsp;&nbsp;&nbsp;&nbsp;&nbsp;&nbsp;&nbsp;&nbsp;&nbsp;&nbsp;&nbsp;&nbsp;&nbsp;&nbsp;&nbsp;&nbsp;&nbsp;&nbsp;&nbsp; Ke Stadionu 1150, Nov\u00e9 Stra\u0161ec\u00ed 271 01<br>T\u011blocvi\u010dna &#8222;\u0160koln\u00ed &#8211; Star\u00e1&#8220;&nbsp;&nbsp;&nbsp;&nbsp;&nbsp;&nbsp;&nbsp;&nbsp;&nbsp;&nbsp;&nbsp;&nbsp;&nbsp;&nbsp;&nbsp;&nbsp;&nbsp;&nbsp;&nbsp;&nbsp;&nbsp;&nbsp;&nbsp;&nbsp;&nbsp;&nbsp;&nbsp;&nbsp;&nbsp;&nbsp;&nbsp;&nbsp;&nbsp;&nbsp;&nbsp;&nbsp;&nbsp;&nbsp;&nbsp;&nbsp;&nbsp;&nbsp;&nbsp;&nbsp;&nbsp;&nbsp;&nbsp;&nbsp;&nbsp;&nbsp;&nbsp;&nbsp;&nbsp;&nbsp;&nbsp;&nbsp; U \u0160koly, Nov\u00e9 Stra\u0161ec\u00ed 271 01 (vchod naproti po\u0161t\u011b)<br>T\u011blocvi\u010dna &#8222;\u0160koln\u00ed &#8211; D\u0159ev\u011bn\u00e1&#8220;&nbsp;&nbsp;&nbsp;&nbsp;&nbsp;&nbsp;&nbsp;&nbsp;&nbsp;&nbsp;&nbsp;&nbsp;&nbsp;&nbsp;&nbsp;&nbsp;&nbsp;&nbsp;&nbsp;&nbsp;&nbsp;&nbsp;&nbsp;&nbsp;&nbsp;&nbsp;&nbsp;&nbsp;&nbsp;&nbsp;&nbsp;&nbsp;&nbsp;&nbsp;&nbsp;&nbsp;&nbsp;&nbsp;&nbsp;&nbsp;&nbsp;&nbsp;&nbsp;&nbsp;&nbsp;&nbsp;&nbsp;&nbsp;&nbsp;&nbsp;&nbsp; Pod\u011bbradova, Nov\u00e9 Stra\u0161ec\u00ed 271 01 (vchod p\u0159es \u0161koln\u00ed dv\u016fr)<\/p>\n\n\n\n<h5 class=\"wp-block-heading\">Facebook<\/h5>\n\n\n\n<p>Sportovn\u00ed centrum Nov\u00e9 Stra\u0161ec\u00ed (&nbsp;<a href=\"https:\/\/www.facebook.com\/sportovnicentrumns\/\">https:\/\/www.facebook.com\/sportovnicentrumns\/<\/a>&nbsp;)<\/p>\n\n\n\n<h5 class=\"wp-block-heading\">Instagram<\/h5>\n\n\n\n<p>-sc.ns<\/p>\n\n\n\n<p><strong>Spr\u00e1vce webu<\/strong><\/p>\n\n\n\n<ul class=\"wp-block-list\">\n<li>Ji\u0159\u00ed Vesel\u00fd 777 685 685<\/li>\n\n\n\n<li><a href=\"mailto:jirves@hotmail.com\">jirves@hotmail.com<\/a><\/li>\n<\/ul>\n","protected":false},"excerpt":{"rendered":"<p>P\u0159edseda klubu a \u0161\u00e9ftren\u00e9r boxu M\u00edsto p\u0159edseda a tren\u00e9r boxu Manager klubu\/ Organiza\u010dn\u00ed a dal\u0161\u00ed informace &nbsp;Tren\u00e9\u0159i atletiky Adresy t\u011blocvi\u010den T\u011blocvi\u010dna &#8222;Kocourek&#8220;&nbsp;&nbsp;&nbsp;&nbsp;&nbsp;&nbsp;&nbsp;&nbsp;&nbsp;&nbsp;&nbsp;&nbsp;&nbsp;&nbsp;&nbsp;&nbsp;&nbsp;&nbsp;&nbsp;&nbsp;&nbsp;&nbsp;&nbsp;&nbsp;&nbsp;&nbsp;&nbsp;&nbsp;&nbsp;&nbsp;&nbsp;&nbsp;&nbsp;&nbsp;&nbsp;&nbsp;&nbsp;&nbsp;&nbsp;&nbsp;&nbsp;&nbsp;&nbsp;&nbsp;&nbsp;&nbsp;&nbsp;&nbsp;&nbsp;&nbsp;&nbsp;&nbsp;&nbsp;&nbsp;&nbsp;&nbsp;&nbsp;&nbsp;&nbsp;&nbsp;&nbsp;&nbsp;&nbsp; Ke Stadionu 1150, Nov\u00e9 Stra\u0161ec\u00ed 271 01T\u011blocvi\u010dna &#8222;\u0160koln\u00ed &#8211; Star\u00e1&#8220;&nbsp;&nbsp;&nbsp;&nbsp;&nbsp;&nbsp;&nbsp;&nbsp;&nbsp;&nbsp;&nbsp;&nbsp;&nbsp;&nbsp;&nbsp;&nbsp;&nbsp;&nbsp;&nbsp;&nbsp;&nbsp;&nbsp;&nbsp;&nbsp;&nbsp;&nbsp;&nbsp;&nbsp;&nbsp;&nbsp;&nbsp;&nbsp;&nbsp;&nbsp;&nbsp;&nbsp;&nbsp;&nbsp;&nbsp;&nbsp;&nbsp;&nbsp;&nbsp;&nbsp;&nbsp;&nbsp;&nbsp;&nbsp;&nbsp;&nbsp;&nbsp;&nbsp;&nbsp;&nbsp;&nbsp;&nbsp; U \u0160koly, Nov\u00e9 Stra\u0161ec\u00ed 271 01 (vchod naproti po\u0161t\u011b)T\u011blocvi\u010dna &#8222;\u0160koln\u00ed &#8211; D\u0159ev\u011bn\u00e1&#8220;&nbsp;&nbsp;&nbsp;&nbsp;&nbsp;&nbsp;&nbsp;&nbsp;&nbsp;&nbsp;&nbsp;&nbsp;&nbsp;&nbsp;&nbsp;&nbsp;&nbsp;&nbsp;&nbsp;&nbsp;&nbsp;&nbsp;&nbsp;&nbsp;&nbsp;&nbsp;&nbsp;&nbsp;&nbsp;&nbsp;&nbsp;&nbsp;&nbsp;&nbsp;&nbsp;&nbsp;&nbsp;&nbsp;&nbsp;&nbsp;&nbsp;&nbsp;&nbsp;&nbsp;&nbsp;&nbsp;&nbsp;&nbsp;&nbsp;&nbsp;&nbsp; Pod\u011bbradova, Nov\u00e9 Stra\u0161ec\u00ed 271 01 (vchod p\u0159es \u0161koln\u00ed dv\u016fr) Facebook Sportovn\u00ed&#8230;<\/p>\n","protected":false},"author":1,"featured_media":0,"parent":265,"menu_order":0,"comment_status":"closed","ping_status":"closed","template":"","meta":{"footnotes":""},"class_list":["post-273","page","type-page","status-publish","hentry"],"_links":{"self":[{"href":"https:\/\/www.iternet.cz\/index.php\/wp-json\/wp\/v2\/pages\/273","targetHints":{"allow":["GET"]}}],"collection":[{"href":"https:\/\/www.iternet.cz\/index.php\/wp-json\/wp\/v2\/pages"}],"about":[{"href":"https:\/\/www.iternet.cz\/index.php\/wp-json\/wp\/v2\/types\/page"}],"author":[{"embeddable":true,"href":"https:\/\/www.iternet.cz\/index.php\/wp-json\/wp\/v2\/users\/1"}],"replies":[{"embeddable":true,"href":"https:\/\/www.iternet.cz\/index.php\/wp-json\/wp\/v2\/comments?post=273"}],"version-history":[{"count":3,"href":"https:\/\/www.iternet.cz\/index.php\/wp-json\/wp\/v2\/pages\/273\/revisions"}],"predecessor-version":[{"id":345,"href":"https:\/\/www.iternet.cz\/index.php\/wp-json\/wp\/v2\/pages\/273\/revisions\/345"}],"up":[{"embeddable":true,"href":"https:\/\/www.iternet.cz\/index.php\/wp-json\/wp\/v2\/pages\/265"}],"wp:attachment":[{"href":"https:\/\/www.iternet.cz\/index.php\/wp-json\/wp\/v2\/media?parent=273"}],"curies":[{"name":"wp","href":"https:\/\/api.w.org\/{rel}","templated":true}]}}