{"id":697,"date":"2025-03-03T17:01:17","date_gmt":"2025-03-03T17:01:17","guid":{"rendered":"https:\/\/www.iternet.cz\/?page_id=697"},"modified":"2026-04-28T01:30:10","modified_gmt":"2026-04-28T01:30:10","slug":"o-nas","status":"publish","type":"page","link":"https:\/\/www.iternet.cz\/index.php\/o-nas\/","title":{"rendered":"O n\u00e1s&#8230;"},"content":{"rendered":"\n<p><\/p>\n\n\n\n<div class=\"wp-block-media-text alignfull has-media-on-the-right is-stacked-on-mobile is-vertically-aligned-center is-style-default\"><div class=\"wp-block-media-text__content\">\n<p class=\"has-text-color has-regular-font-size\" style=\"color:#000000\">Sportovn\u00ed centrum Nov\u00e9 Stra\u0161ec\u00ed je modern\u00ed sportovn\u00ed spolek s dlouholetou tradic\u00ed, kter\u00fd p\u016fsob\u00ed v srdci na\u0161eho m\u011bsta od roku 2012. Na\u0161\u00edm c\u00edlem je podporovat pohyb, zdrav\u00fd \u017eivotn\u00ed styl a sportovn\u00ed r\u016fst v\u0161ech v\u011bkov\u00fdch kategori\u00ed \u2013 od nejmen\u0161\u00edch d\u011bt\u00ed a\u017e po dosp\u011bl\u00e9.<\/p>\n\n\n\n<p>P\u016fvodn\u011b jsme za\u010d\u00ednali jako Sportovn\u00ed \u0161kola boxu a postupn\u011b jsme roz\u0161\u00ed\u0159ili na\u0161e aktivity o atletiku a dal\u0161\u00ed sportovn\u00ed discipl\u00edny. Dnes sdru\u017eujeme v\u00edce ne\u017e 350 \u010dlen\u016f a nab\u00edz\u00edme kvalitn\u00ed tr\u00e9ninky veden\u00e9 zku\u0161en\u00fdmi tren\u00e9ry, kte\u0159\u00ed dbaj\u00ed na individu\u00e1ln\u00ed p\u0159\u00edstup a rozvoj ka\u017ed\u00e9ho sportovce.<\/p>\n\n\n\n<p>Klub je otev\u0159en\u00fd v\u0161em, kte\u0159\u00ed maj\u00ed chu\u0165 sportovat, zlep\u0161ovat svou kondici a u\u010dit se nov\u00fdm dovednostem v p\u0159\u00e1telsk\u00e9m a motivuj\u00edc\u00edm prost\u0159ed\u00ed. Krom\u011b pravideln\u00fdch tr\u00e9nink\u016f se tak\u00e9 aktivn\u011b \u00fa\u010dastn\u00edme sout\u011b\u017e\u00ed, sportovn\u00edch akc\u00ed a projekt\u016f podporuj\u00edc\u00edch komunitn\u00ed \u017eivot ve m\u011bst\u011b.<\/p>\n\n\n\n<p>P\u0159ij\u010fte si s n\u00e1mi zacvi\u010dit, vyzkou\u0161et nov\u00e9 sporty a st\u00e1t se sou\u010d\u00e1st\u00ed na\u0161eho sportovn\u00edho centra, kde je ka\u017ed\u00fd v\u00edt\u00e1n!<\/p>\n<\/div><figure class=\"wp-block-media-text__media\"><img loading=\"lazy\" decoding=\"async\" width=\"1024\" height=\"768\" src=\"https:\/\/www.iternet.cz\/wp-content\/uploads\/2024\/09\/IMG_20200601_142334-1024x768.jpg\" alt=\"\" class=\"wp-image-334 size-full\" srcset=\"https:\/\/www.iternet.cz\/wp-content\/uploads\/2024\/09\/IMG_20200601_142334-1024x768.jpg 1024w, https:\/\/www.iternet.cz\/wp-content\/uploads\/2024\/09\/IMG_20200601_142334-300x225.jpg 300w, https:\/\/www.iternet.cz\/wp-content\/uploads\/2024\/09\/IMG_20200601_142334-768x576.jpg 768w, https:\/\/www.iternet.cz\/wp-content\/uploads\/2024\/09\/IMG_20200601_142334-1536x1152.jpg 1536w, https:\/\/www.iternet.cz\/wp-content\/uploads\/2024\/09\/IMG_20200601_142334-450x338.jpg 450w, https:\/\/www.iternet.cz\/wp-content\/uploads\/2024\/09\/IMG_20200601_142334.jpg 2000w\" sizes=\"auto, (max-width: 1024px) 100vw, 1024px\" \/><\/figure><\/div>\n\n\n\n<p><\/p>\n","protected":false},"excerpt":{"rendered":"<p>Sportovn\u00ed centrum Nov\u00e9 Stra\u0161ec\u00ed je modern\u00ed sportovn\u00ed spolek s dlouholetou tradic\u00ed, kter\u00fd p\u016fsob\u00ed v srdci na\u0161eho m\u011bsta od roku 2012. Na\u0161\u00edm c\u00edlem je podporovat pohyb, zdrav\u00fd \u017eivotn\u00ed styl a sportovn\u00ed r\u016fst v\u0161ech v\u011bkov\u00fdch kategori\u00ed \u2013 od nejmen\u0161\u00edch d\u011bt\u00ed a\u017e po dosp\u011bl\u00e9. P\u016fvodn\u011b jsme za\u010d\u00ednali jako Sportovn\u00ed \u0161kola boxu a postupn\u011b jsme roz\u0161\u00ed\u0159ili na\u0161e aktivity o&#8230;<\/p>\n","protected":false},"author":1,"featured_media":0,"parent":0,"menu_order":0,"comment_status":"closed","ping_status":"closed","template":"","meta":{"footnotes":""},"class_list":["post-697","page","type-page","status-publish","hentry"],"_links":{"self":[{"href":"https:\/\/www.iternet.cz\/index.php\/wp-json\/wp\/v2\/pages\/697","targetHints":{"allow":["GET"]}}],"collection":[{"href":"https:\/\/www.iternet.cz\/index.php\/wp-json\/wp\/v2\/pages"}],"about":[{"href":"https:\/\/www.iternet.cz\/index.php\/wp-json\/wp\/v2\/types\/page"}],"author":[{"embeddable":true,"href":"https:\/\/www.iternet.cz\/index.php\/wp-json\/wp\/v2\/users\/1"}],"replies":[{"embeddable":true,"href":"https:\/\/www.iternet.cz\/index.php\/wp-json\/wp\/v2\/comments?post=697"}],"version-history":[{"count":9,"href":"https:\/\/www.iternet.cz\/index.php\/wp-json\/wp\/v2\/pages\/697\/revisions"}],"predecessor-version":[{"id":1276,"href":"https:\/\/www.iternet.cz\/index.php\/wp-json\/wp\/v2\/pages\/697\/revisions\/1276"}],"wp:attachment":[{"href":"https:\/\/www.iternet.cz\/index.php\/wp-json\/wp\/v2\/media?parent=697"}],"curies":[{"name":"wp","href":"https:\/\/api.w.org\/{rel}","templated":true}]}}